{"id":1808,"date":"2025-04-27T23:50:43","date_gmt":"2025-04-27T23:50:43","guid":{"rendered":"https:\/\/ianima.com.br\/blog\/?page_id=1808"},"modified":"2025-04-27T23:50:43","modified_gmt":"2025-04-27T23:50:43","slug":"politica-de-cookies","status":"publish","type":"page","link":"https:\/\/ianima.com.br\/blog\/politica-de-cookies\/","title":{"rendered":"Pol\u00edtica de Cookies"},"content":{"rendered":"\n<p>Esta \u00e9 a Pol\u00edtica de Cookies do <strong>iAnima Blog<\/strong>, acess\u00edvel em <a class=\"\" href=\"https:\/\/ianima.com.br\/blog\/\">https:\/\/ianima.com.br\/blog\/<\/a>.<\/p>\n\n\n\n<h2 class=\"wp-block-heading\" id=\"h-o-que-sao-cookies\">O que s\u00e3o cookies<\/h2>\n\n\n\n<p>Como \u00e9 pr\u00e1tica comum em quase todos os sites profissionais, este site utiliza cookies, que s\u00e3o pequenos arquivos baixados no seu dispositivo para melhorar a sua experi\u00eancia de navega\u00e7\u00e3o. Esta p\u00e1gina explica quais informa\u00e7\u00f5es eles coletam, como os utilizamos e por que, \u00e0s vezes, \u00e9 necess\u00e1rio armazen\u00e1-los. Tamb\u00e9m informamos como voc\u00ea pode impedir o armazenamento desses cookies, embora isso possa afetar a funcionalidade e a experi\u00eancia de uso do site.<\/p>\n\n\n\n<h2 class=\"wp-block-heading\" id=\"h-como-usamos-cookies\">Como usamos cookies<\/h2>\n\n\n\n<p>Utilizamos cookies por v\u00e1rios motivos, conforme detalhado abaixo. Em muitos casos, n\u00e3o existem op\u00e7\u00f5es padr\u00e3o da ind\u00fastria para desabilitar cookies sem desativar completamente as funcionalidades e recursos que eles adicionam ao site. \u00c9 recomendado que voc\u00ea mantenha os cookies ativados, caso n\u00e3o tenha certeza se precisa deles para utilizar um servi\u00e7o que oferecemos.<\/p>\n\n\n\n<h2 class=\"wp-block-heading\" id=\"h-desabilitando-cookies\">Desabilitando cookies<\/h2>\n\n\n\n<p>Voc\u00ea pode impedir a configura\u00e7\u00e3o de cookies ajustando as configura\u00e7\u00f5es do seu navegador (consulte a se\u00e7\u00e3o de Ajuda do navegador para saber como fazer isso). Tenha em mente que desativar cookies poder\u00e1 impactar a funcionalidade deste e de muitos outros sites que voc\u00ea visita. A desativa\u00e7\u00e3o de cookies normalmente resultar\u00e1 em limita\u00e7\u00f5es na utiliza\u00e7\u00e3o de certas funcionalidades e servi\u00e7os do nosso site. Por isso, recomendamos que voc\u00ea n\u00e3o desative os cookies.<\/p>\n\n\n\n<h2 class=\"wp-block-heading\" id=\"h-os-cookies-que-definimos\">Os cookies que definimos<\/h2>\n\n\n\n<p><strong>Cookies relacionados a newsletters e e-mails<\/strong><br>Este site oferece servi\u00e7os de assinatura de newsletter ou e-mail e cookies podem ser utilizados para lembrar se voc\u00ea j\u00e1 est\u00e1 registrado e para exibir notifica\u00e7\u00f5es espec\u00edficas v\u00e1lidas apenas para usu\u00e1rios inscritos ou n\u00e3o inscritos.<\/p>\n\n\n\n<h2 class=\"wp-block-heading\" id=\"h-cookies-de-terceiros\">Cookies de terceiros<\/h2>\n\n\n\n<p>Em alguns casos, tamb\u00e9m utilizamos cookies fornecidos por parceiros confi\u00e1veis. A seguir, detalhamos quais cookies de terceiros voc\u00ea pode encontrar em nosso site:<\/p>\n\n\n\n<ul class=\"wp-block-list\">\n<li><strong>Google Analytics<\/strong>: Utilizamos o Google Analytics, uma das solu\u00e7\u00f5es de an\u00e1lise mais confi\u00e1veis e populares da web, para entender melhor como voc\u00ea utiliza o site e como podemos melhorar sua experi\u00eancia. Esses cookies podem rastrear informa\u00e7\u00f5es como o tempo que voc\u00ea permanece no site e as p\u00e1ginas visitadas. Para mais informa\u00e7\u00f5es, consulte a p\u00e1gina oficial do <a>Google Analytics<\/a>.<\/li>\n\n\n\n<li><strong>Google AdSense<\/strong>: O servi\u00e7o Google AdSense, que utilizamos para exibir an\u00fancios, usa o cookie DoubleClick para oferecer an\u00fancios mais relevantes e limitar o n\u00famero de vezes que um an\u00fancio \u00e9 mostrado para voc\u00ea. Para mais informa\u00e7\u00f5es, consulte a <a>Pol\u00edtica de Privacidade do Google AdSense<\/a>.<\/li>\n\n\n\n<li><strong>Cookies de rastreamento de afiliados<\/strong>: Alguns parceiros anunciam em nosso nome e os cookies de rastreamento de afiliados permitem identificar se os usu\u00e1rios acessaram nosso site por meio desses parceiros, possibilitando o reconhecimento adequado e, em alguns casos, a oferta de promo\u00e7\u00f5es exclusivas.<\/li>\n<\/ul>\n\n\n\n<h2 class=\"wp-block-heading\" id=\"h-mais-informacoes\">Mais informa\u00e7\u00f5es<\/h2>\n\n\n\n<p>Esperamos que esta pol\u00edtica tenha esclarecido como utilizamos cookies. Se voc\u00ea n\u00e3o tiver certeza se precisa ou n\u00e3o manter os cookies ativados, recomendamos deix\u00e1-los ativos para assegurar o correto funcionamento de todas as funcionalidades do site.<\/p>\n\n\n\n<p>Para mais detalhes sobre o tratamento de informa\u00e7\u00f5es pessoais, consulte tamb\u00e9m nossa <a>Pol\u00edtica de Privacidade<\/a>.<\/p>\n\n\n\n<p>Se ainda tiver d\u00favidas ou precisar de mais informa\u00e7\u00f5es, entre em contato conosco atrav\u00e9s do e-mail: <strong><a>contato@ianima.com.br<\/a><\/strong>.<\/p>\n","protected":false},"excerpt":{"rendered":"<p>Esta \u00e9 a Pol\u00edtica de Cookies do iAnima Blog, acess\u00edvel em https:\/\/ianima.com.br\/blog\/. O que s\u00e3o cookies Como \u00e9 pr\u00e1tica comum em quase todos os sites profissionais, este site utiliza cookies, que s\u00e3o pequenos arquivos baixados no seu dispositivo para melhorar a sua experi\u00eancia de navega\u00e7\u00e3o. Esta p\u00e1gina explica quais informa\u00e7\u00f5es eles coletam, como os utilizamos [&hellip;]<\/p>\n","protected":false},"author":1,"featured_media":0,"parent":0,"menu_order":0,"comment_status":"closed","ping_status":"closed","template":"","meta":{"site-sidebar-layout":"default","site-content-layout":"","ast-site-content-layout":"default","site-content-style":"default","site-sidebar-style":"default","ast-global-header-display":"","ast-banner-title-visibility":"","ast-main-header-display":"","ast-hfb-above-header-display":"","ast-hfb-below-header-display":"","ast-hfb-mobile-header-display":"","site-post-title":"","ast-breadcrumbs-content":"","ast-featured-img":"","footer-sml-layout":"","theme-transparent-header-meta":"","adv-header-id-meta":"","stick-header-meta":"","header-above-stick-meta":"","header-main-stick-meta":"","header-below-stick-meta":"","astra-migrate-meta-layouts":"set","ast-page-background-enabled":"default","ast-page-background-meta":{"desktop":{"background-color":"","background-image":"","background-repeat":"repeat","background-position":"center center","background-size":"auto","background-attachment":"scroll","background-type":"","background-media":"","overlay-type":"","overlay-color":"","overlay-opacity":"","overlay-gradient":""},"tablet":{"background-color":"","background-image":"","background-repeat":"repeat","background-position":"center center","background-size":"auto","background-attachment":"scroll","background-type":"","background-media":"","overlay-type":"","overlay-color":"","overlay-opacity":"","overlay-gradient":""},"mobile":{"background-color":"","background-image":"","background-repeat":"repeat","background-position":"center center","background-size":"auto","background-attachment":"scroll","background-type":"","background-media":"","overlay-type":"","overlay-color":"","overlay-opacity":"","overlay-gradient":""}},"ast-content-background-meta":{"desktop":{"background-color":"var(--ast-global-color-5)","background-image":"","background-repeat":"repeat","background-position":"center center","background-size":"auto","background-attachment":"scroll","background-type":"","background-media":"","overlay-type":"","overlay-color":"","overlay-opacity":"","overlay-gradient":""},"tablet":{"background-color":"var(--ast-global-color-5)","background-image":"","background-repeat":"repeat","background-position":"center center","background-size":"auto","background-attachment":"scroll","background-type":"","background-media":"","overlay-type":"","overlay-color":"","overlay-opacity":"","overlay-gradient":""},"mobile":{"background-color":"var(--ast-global-color-5)","background-image":"","background-repeat":"repeat","background-position":"center center","background-size":"auto","background-attachment":"scroll","background-type":"","background-media":"","overlay-type":"","overlay-color":"","overlay-opacity":"","overlay-gradient":""}},"footnotes":""},"class_list":["post-1808","page","type-page","status-publish","hentry"],"yoast_head":"<!-- This site is optimized with the Yoast SEO Premium plugin v20.8 (Yoast SEO v20.8) - https:\/\/yoast.com\/wordpress\/plugins\/seo\/ -->\n<title>Pol\u00edtica de Cookies<\/title>\n<meta name=\"description\" content=\"Pol\u00edtica de Cookies\" \/>\n<meta name=\"robots\" content=\"index, follow, max-snippet:-1, max-image-preview:large, max-video-preview:-1\" \/>\n<link rel=\"canonical\" href=\"https:\/\/ianima.com.br\/blog\/politica-de-cookies\/\" \/>\n<meta property=\"og:locale\" content=\"pt_BR\" \/>\n<meta property=\"og:type\" content=\"article\" \/>\n<meta property=\"og:title\" content=\"Pol\u00edtica de Cookies\" \/>\n<meta property=\"og:description\" content=\"Pol\u00edtica de Cookies\" \/>\n<meta property=\"og:url\" content=\"https:\/\/ianima.com.br\/blog\/politica-de-cookies\/\" \/>\n<meta property=\"og:site_name\" content=\"Terapia Online com IANIMA: Inova\u00e7\u00e3o e Aconselhamento. O terapeuta online ao seu alcance.\" \/>\n<meta property=\"og:image\" content=\"https:\/\/ianima.com.br\/blog\/wp-content\/uploads\/2025\/04\/Terapia-gratuita-online-com-a-IAnima-sua-terapeuta-online.webp\" \/>\n\t<meta property=\"og:image:width\" content=\"890\" \/>\n\t<meta property=\"og:image:height\" content=\"487\" \/>\n\t<meta property=\"og:image:type\" content=\"image\/webp\" \/>\n<meta name=\"twitter:card\" content=\"summary_large_image\" \/>\n<meta name=\"twitter:label1\" content=\"Est. tempo de leitura\" \/>\n\t<meta name=\"twitter:data1\" content=\"3 minutos\" \/>\n<script type=\"application\/ld+json\" class=\"yoast-schema-graph\">{\"@context\":\"https:\/\/schema.org\",\"@graph\":[{\"@type\":\"WebPage\",\"@id\":\"https:\/\/ianima.com.br\/blog\/politica-de-cookies\/\",\"url\":\"https:\/\/ianima.com.br\/blog\/politica-de-cookies\/\",\"name\":\"Pol\u00edtica de Cookies\",\"isPartOf\":{\"@id\":\"https:\/\/ianima.com.br\/blog\/#website\"},\"datePublished\":\"2025-04-27T23:50:43+00:00\",\"dateModified\":\"2025-04-27T23:50:43+00:00\",\"description\":\"Pol\u00edtica de Cookies\",\"breadcrumb\":{\"@id\":\"https:\/\/ianima.com.br\/blog\/politica-de-cookies\/#breadcrumb\"},\"inLanguage\":\"pt-BR\",\"potentialAction\":[{\"@type\":\"ReadAction\",\"target\":[\"https:\/\/ianima.com.br\/blog\/politica-de-cookies\/\"]}]},{\"@type\":\"BreadcrumbList\",\"@id\":\"https:\/\/ianima.com.br\/blog\/politica-de-cookies\/#breadcrumb\",\"itemListElement\":[{\"@type\":\"ListItem\",\"position\":1,\"name\":\"In\u00edcio\",\"item\":\"https:\/\/ianima.com.br\/blog\/\"},{\"@type\":\"ListItem\",\"position\":2,\"name\":\"Pol\u00edtica de Cookies\"}]},{\"@type\":\"WebSite\",\"@id\":\"https:\/\/ianima.com.br\/blog\/#website\",\"url\":\"https:\/\/ianima.com.br\/blog\/\",\"name\":\"Terapia Online com IANIMA: Inova\u00e7\u00e3o e Aconselhamento. O terapeuta online ao seu alcance.\",\"description\":\"Terapia gratuita online com a IAnima, sua terapeuta online. Artigos sobre terapias online, sa\u00fade mental e bem-estar.\",\"publisher\":{\"@id\":\"https:\/\/ianima.com.br\/blog\/#organization\"},\"potentialAction\":[{\"@type\":\"SearchAction\",\"target\":{\"@type\":\"EntryPoint\",\"urlTemplate\":\"https:\/\/ianima.com.br\/blog\/?s={search_term_string}\"},\"query-input\":\"required name=search_term_string\"}],\"inLanguage\":\"pt-BR\"},{\"@type\":\"Organization\",\"@id\":\"https:\/\/ianima.com.br\/blog\/#organization\",\"name\":\"Terapia Online com IANIMA: Inova\u00e7\u00e3o e Aconselhamento. O terapeuta online ao seu alcance.\",\"url\":\"https:\/\/ianima.com.br\/blog\/\",\"logo\":{\"@type\":\"ImageObject\",\"inLanguage\":\"pt-BR\",\"@id\":\"https:\/\/ianima.com.br\/blog\/#\/schema\/logo\/image\/\",\"url\":\"https:\/\/ianima.com.br\/blog\/wp-content\/uploads\/2025\/04\/cropped-IAnima-terapia-online.webp\",\"contentUrl\":\"https:\/\/ianima.com.br\/blog\/wp-content\/uploads\/2025\/04\/cropped-IAnima-terapia-online.webp\",\"width\":819,\"height\":222,\"caption\":\"Terapia Online com IANIMA: Inova\u00e7\u00e3o e Aconselhamento. O terapeuta online ao seu alcance.\"},\"image\":{\"@id\":\"https:\/\/ianima.com.br\/blog\/#\/schema\/logo\/image\/\"}}]}<\/script>\n<!-- \/ Yoast SEO Premium plugin. -->","yoast_head_json":{"title":"Pol\u00edtica de Cookies","description":"Pol\u00edtica de Cookies","robots":{"index":"index","follow":"follow","max-snippet":"max-snippet:-1","max-image-preview":"max-image-preview:large","max-video-preview":"max-video-preview:-1"},"canonical":"https:\/\/ianima.com.br\/blog\/politica-de-cookies\/","og_locale":"pt_BR","og_type":"article","og_title":"Pol\u00edtica de Cookies","og_description":"Pol\u00edtica de Cookies","og_url":"https:\/\/ianima.com.br\/blog\/politica-de-cookies\/","og_site_name":"Terapia Online com IANIMA: Inova\u00e7\u00e3o e Aconselhamento. O terapeuta online ao seu alcance.","og_image":[{"width":890,"height":487,"url":"https:\/\/ianima.com.br\/blog\/wp-content\/uploads\/2025\/04\/Terapia-gratuita-online-com-a-IAnima-sua-terapeuta-online.webp","type":"image\/webp"}],"twitter_card":"summary_large_image","twitter_misc":{"Est. tempo de leitura":"3 minutos"},"schema":{"@context":"https:\/\/schema.org","@graph":[{"@type":"WebPage","@id":"https:\/\/ianima.com.br\/blog\/politica-de-cookies\/","url":"https:\/\/ianima.com.br\/blog\/politica-de-cookies\/","name":"Pol\u00edtica de Cookies","isPartOf":{"@id":"https:\/\/ianima.com.br\/blog\/#website"},"datePublished":"2025-04-27T23:50:43+00:00","dateModified":"2025-04-27T23:50:43+00:00","description":"Pol\u00edtica de Cookies","breadcrumb":{"@id":"https:\/\/ianima.com.br\/blog\/politica-de-cookies\/#breadcrumb"},"inLanguage":"pt-BR","potentialAction":[{"@type":"ReadAction","target":["https:\/\/ianima.com.br\/blog\/politica-de-cookies\/"]}]},{"@type":"BreadcrumbList","@id":"https:\/\/ianima.com.br\/blog\/politica-de-cookies\/#breadcrumb","itemListElement":[{"@type":"ListItem","position":1,"name":"In\u00edcio","item":"https:\/\/ianima.com.br\/blog\/"},{"@type":"ListItem","position":2,"name":"Pol\u00edtica de Cookies"}]},{"@type":"WebSite","@id":"https:\/\/ianima.com.br\/blog\/#website","url":"https:\/\/ianima.com.br\/blog\/","name":"Terapia Online com IANIMA: Inova\u00e7\u00e3o e Aconselhamento. O terapeuta online ao seu alcance.","description":"Terapia gratuita online com a IAnima, sua terapeuta online. Artigos sobre terapias online, sa\u00fade mental e bem-estar.","publisher":{"@id":"https:\/\/ianima.com.br\/blog\/#organization"},"potentialAction":[{"@type":"SearchAction","target":{"@type":"EntryPoint","urlTemplate":"https:\/\/ianima.com.br\/blog\/?s={search_term_string}"},"query-input":"required name=search_term_string"}],"inLanguage":"pt-BR"},{"@type":"Organization","@id":"https:\/\/ianima.com.br\/blog\/#organization","name":"Terapia Online com IANIMA: Inova\u00e7\u00e3o e Aconselhamento. O terapeuta online ao seu alcance.","url":"https:\/\/ianima.com.br\/blog\/","logo":{"@type":"ImageObject","inLanguage":"pt-BR","@id":"https:\/\/ianima.com.br\/blog\/#\/schema\/logo\/image\/","url":"https:\/\/ianima.com.br\/blog\/wp-content\/uploads\/2025\/04\/cropped-IAnima-terapia-online.webp","contentUrl":"https:\/\/ianima.com.br\/blog\/wp-content\/uploads\/2025\/04\/cropped-IAnima-terapia-online.webp","width":819,"height":222,"caption":"Terapia Online com IANIMA: Inova\u00e7\u00e3o e Aconselhamento. O terapeuta online ao seu alcance."},"image":{"@id":"https:\/\/ianima.com.br\/blog\/#\/schema\/logo\/image\/"}}]}},"_links":{"self":[{"href":"https:\/\/ianima.com.br\/blog\/wp-json\/wp\/v2\/pages\/1808","targetHints":{"allow":["GET"]}}],"collection":[{"href":"https:\/\/ianima.com.br\/blog\/wp-json\/wp\/v2\/pages"}],"about":[{"href":"https:\/\/ianima.com.br\/blog\/wp-json\/wp\/v2\/types\/page"}],"author":[{"embeddable":true,"href":"https:\/\/ianima.com.br\/blog\/wp-json\/wp\/v2\/users\/1"}],"replies":[{"embeddable":true,"href":"https:\/\/ianima.com.br\/blog\/wp-json\/wp\/v2\/comments?post=1808"}],"version-history":[{"count":1,"href":"https:\/\/ianima.com.br\/blog\/wp-json\/wp\/v2\/pages\/1808\/revisions"}],"predecessor-version":[{"id":1809,"href":"https:\/\/ianima.com.br\/blog\/wp-json\/wp\/v2\/pages\/1808\/revisions\/1809"}],"wp:attachment":[{"href":"https:\/\/ianima.com.br\/blog\/wp-json\/wp\/v2\/media?parent=1808"}],"curies":[{"name":"wp","href":"https:\/\/api.w.org\/{rel}","templated":true}]}}